{"id":1278,"date":"2018-01-17T11:01:21","date_gmt":"2018-01-17T11:01:21","guid":{"rendered":"https:\/\/britishjewishtheatre.org\/?page_id=1278"},"modified":"2024-04-09T12:31:43","modified_gmt":"2024-04-09T12:31:43","slug":"brook-peter","status":"publish","type":"page","link":"https:\/\/britishjewishtheatre.org\/?page_id=1278","title":{"rendered":"Brook, Peter"},"content":{"rendered":"<p style=\"text-align: justify;\"><a href=\"http:\/\/britishjewishtheatre.org\/?page_id=732\"><img loading=\"lazy\" decoding=\"async\" class=\"alignleft wp-image-666 size-thumbnail\" title=\"Click for more information about the copyright\" src=\"https:\/\/britishjewishtheatre.org\/wp-content\/uploads\/2016\/08\/brook-150x150.jpeg\" alt=\"\" width=\"150\" height=\"150\" srcset=\"https:\/\/britishjewishtheatre.org\/wp-content\/uploads\/2016\/08\/brook-150x150.jpeg 150w, https:\/\/britishjewishtheatre.org\/wp-content\/uploads\/2016\/08\/brook-300x300.jpeg 300w, https:\/\/britishjewishtheatre.org\/wp-content\/uploads\/2016\/08\/brook-768x768.jpeg 768w, https:\/\/britishjewishtheatre.org\/wp-content\/uploads\/2016\/08\/brook-1024x1024.jpeg 1024w, https:\/\/britishjewishtheatre.org\/wp-content\/uploads\/2016\/08\/brook-90x90.jpeg 90w, https:\/\/britishjewishtheatre.org\/wp-content\/uploads\/2016\/08\/brook-220x220.jpeg 220w, https:\/\/britishjewishtheatre.org\/wp-content\/uploads\/2016\/08\/brook.jpeg 1080w\" sizes=\"auto, (max-width: 150px) 100vw, 150px\" \/><\/a>Peter Stephen Paul Brook was a highly influential contemporary theatre and film director whose experimental productions contributed significantly to the development of 20th-century avant-garde theatre. He was born on 21 March 1925 in Chiswick, London, to parents of Jewish origin from Latvia. Brook was educated at Westminster School, Gresham&#8217;s School, and Magdalen College, Oxford. In 1951, he married the actress Natasha Parry with whom he has two children, Irina Brook, an actress and director, and Simon Brook, a film director.<\/p>\n<p style=\"text-align: justify;\">Michael Billington of the <em>Guardian<\/em> divides Brook&#8217;s work into two phases: a &#8220;British Brook who from 1945 to the early 1970s staged Shakespeare, opera, musicals, new plays and even commercial comedies with fizzing elan&#8221; and an &#8220;international Brook&#8221; who has been based in Paris since the 1970s and &#8220;who has been involved in a quest to discover the essence of theatre and who, in projects such as <em>The Man Who<\/em> and <em>The Valley of Astonishment<\/em>, has used the medium to examine the working of the human brain.&#8221; (2015)<\/p>\n<p style=\"text-align: justify;\">Brook is probably best known for his experimental work with the Royal Shakespeare Company and his influential book <em>The Empty Space.\u00a0A Book About the Theatre: Deadly, Holy, Rough, Immediate<\/em> (1968), which Paul Taylor of the <em>Independent<\/em> called &#8220;the bible for 1960s theatre&#8217;s revolutionaries&#8221; (2008).<\/p>\n<p style=\"text-align: justify;\">In the early 1970s, together with Micheline Rozan, Brook founded the International Centre for Theatre Research in Paris, which from 1974 onward cooperated with the Th\u00e9\u00e2tre des Bouffes du Nord. In 2011, Brook stepped down as the artistic director of the Th\u00e9\u00e2tre des Bouffes du Nord.<\/p>\n<p>His controversial adaptation of the Indian epic poem, the Mahabharata, was first performed in 1985 to critical acclaim.<\/p>\n<p style=\"text-align: justify;\">Brook has received numerous international awards and honours, among them: Commander of the British Empire (CBE), a Common Wealth Award, Companion of Honour, Tony and Emmy Awards, a Laurence Olivier Award, the Praemium Imperiale, the Henrik-Ibsen-Preis, and a Lifetime Achievement Award.<\/p>\n<p>Peter Brook passed away on 2 July 2022 in Paris at the age of 97.<\/p>\n<p>Primary Literature<\/p>\n<p class=\"western\" align=\"LEFT\"><span style=\"font-family: Tahoma, sans-serif;\"><span style=\"font-size: small;\">&#8212;. <i>The Empty Space<\/i>. New York: Atheneum, 1968.<\/span><\/span><\/p>\n<p class=\"western\" align=\"LEFT\"><span style=\"font-family: Tahoma, sans-serif;\"><span style=\"font-size: small;\">&#8212;. <i>The Shifting Point: Forty Years of Theatrical Exploration, 1946-1987<\/i>. London: Methuen Drama, 1989.<\/span><\/span><\/p>\n<p class=\"western\" align=\"LEFT\"><span style=\"font-family: Tahoma, sans-serif;\"><span style=\"font-size: small;\">&#8212;. <i>The Shifting Point: Theatre, Film, Opera 1946-1987<\/i>. New York: Theatre Communications Group, 1994.<\/span><\/span><\/p>\n<p class=\"western\" align=\"LEFT\"><span style=\"font-family: Tahoma, sans-serif;\"><span style=\"font-size: small;\">&#8212;. <i>There Are No Secrets: Thoughts on Acting and Theatre<\/i>. London: Methuen, 1994.<\/span><\/span><\/p>\n<p class=\"western\" align=\"LEFT\"><span style=\"font-family: Tahoma, sans-serif;\"><span style=\"font-size: small;\">&#8212;. <i>Threads of Time: Recollections<\/i>. Berkeley: Counterpoint, 1998.<\/span><\/span><\/p>\n<p align=\"LEFT\"><span style=\"font-family: Tahoma, sans-serif;\"><span style=\"font-size: small;\">&#8212;.\u00a0<i>Evoking and Forgetting Shakespeare<\/i>. London: Nick Hern Books, 2002.<\/span><\/span><\/p>\n<p class=\"western\" align=\"LEFT\"><span style=\"font-family: Tahoma, sans-serif;\"><span style=\"font-size: small;\">&#8212;. <i>The Open Door: Thoughts on Acting and Theatre<\/i>. New York: Anchor Books, 2005.<\/span><\/span><\/p>\n<p align=\"LEFT\"><span style=\"font-family: Tahoma, sans-serif;\"><span style=\"font-size: small;\">&#8212;. <i>The Man Who: A Theatrical Research<\/i>. London: Methuen Drama, 2008.<\/span><\/span><\/p>\n<p class=\"western\" align=\"LEFT\"><span style=\"font-family: Tahoma, sans-serif;\"><span style=\"font-size: small;\">&#8212;. <i>The Quality of Mercy: Reflections on Shakespeare<\/i>. New York: Theatre Communications Group, 2014.<\/span><\/span><\/p>\n<p class=\"western\" align=\"LEFT\"><span style=\"font-family: Tahoma, sans-serif;\"><span style=\"font-size: small;\">&#8212;. <i>Tip of the Tongue: Reflections on Language and Meaning<\/i>. London: Nick Hern Books, 2018.<\/span><\/span><\/p>\n","protected":false},"excerpt":{"rendered":"<p>Peter Stephen Paul Brook was a highly influential contemporary theatre and film director whose experimental productions contributed significantly to the development of 20th-century avant-garde theatre. He was born on 21 March 1925 in Chiswick, London, to parents of Jewish origin from Latvia. Brook was educated at Westminster School, Gresham&#8217;s School, and Magdalen College, Oxford. In [&hellip;]<\/p>\n","protected":false},"author":3,"featured_media":0,"parent":561,"menu_order":0,"comment_status":"closed","ping_status":"closed","template":"","meta":{"footnotes":""},"class_list":["post-1278","page","type-page","status-publish","hentry"],"_links":{"self":[{"href":"https:\/\/britishjewishtheatre.org\/index.php?rest_route=\/wp\/v2\/pages\/1278","targetHints":{"allow":["GET"]}}],"collection":[{"href":"https:\/\/britishjewishtheatre.org\/index.php?rest_route=\/wp\/v2\/pages"}],"about":[{"href":"https:\/\/britishjewishtheatre.org\/index.php?rest_route=\/wp\/v2\/types\/page"}],"author":[{"embeddable":true,"href":"https:\/\/britishjewishtheatre.org\/index.php?rest_route=\/wp\/v2\/users\/3"}],"replies":[{"embeddable":true,"href":"https:\/\/britishjewishtheatre.org\/index.php?rest_route=%2Fwp%2Fv2%2Fcomments&post=1278"}],"version-history":[{"count":15,"href":"https:\/\/britishjewishtheatre.org\/index.php?rest_route=\/wp\/v2\/pages\/1278\/revisions"}],"predecessor-version":[{"id":3126,"href":"https:\/\/britishjewishtheatre.org\/index.php?rest_route=\/wp\/v2\/pages\/1278\/revisions\/3126"}],"up":[{"embeddable":true,"href":"https:\/\/britishjewishtheatre.org\/index.php?rest_route=\/wp\/v2\/pages\/561"}],"wp:attachment":[{"href":"https:\/\/britishjewishtheatre.org\/index.php?rest_route=%2Fwp%2Fv2%2Fmedia&parent=1278"}],"curies":[{"name":"wp","href":"https:\/\/api.w.org\/{rel}","templated":true}]}}